{"id":47,"date":"2021-04-17T10:18:04","date_gmt":"2021-04-17T10:18:04","guid":{"rendered":"https:\/\/thostrup-agro.dk\/?page_id=47"},"modified":"2023-11-03T13:58:37","modified_gmt":"2023-11-03T13:58:37","slug":"sprojtekurser","status":"publish","type":"page","link":"https:\/\/thostrup-agro.dk\/index.php\/sprojtekurser\/","title":{"rendered":"Spr\u00f8jtekurser"},"content":{"rendered":"\n<p><strong>Spr\u00f8jtekursus<\/strong><br>Private uden uddannelse m\u00e5 hverken k\u00f8be eller udbringe koncentreret pesticider if\u00f8lge krav fra EU.<br>Danmark har valgt, at alle professionelle skal have f\u00f8rst et grundkursus, certifikat, og dern\u00e6st hvert 4. \u00e5r et opf\u00f8lgningskursus for at bibeholde autorisationen.<br>Thostrup Agro afholder selv kurser igennem Dalum Landbrugsskole, der st\u00e5r for AMU udlicitering.<\/p>\n\n\n\n<p><strong>Grundkurser:<\/strong><\/p>\n\n\n\n<ul class=\"wp-block-list\">\n<li>10 dages spr\u00f8jtecertifikat kursus med 5 dage p\u00e5 skoleb\u00e6nk og resten til hjemme\u00f8velser. Kurset er is\u00e6r popul\u00e6r for deltidsbrug, da kurset kun er 5 dage og afholdes p\u00e5 fredag\/l\u00f8rdag, s\u00e5 der ikke beh\u00f8ver at belaste feriekontoen.<\/li>\n<\/ul>\n\n\n\n<ul class=\"wp-block-list\">\n<li>2 dages h\u00e5nd- og rygspr\u00f8jte kursus for folk der kun bruger spr\u00f8jter under 25 l og udbringningen er med h\u00e5ndlanse eller rygspr\u00f8jte.<\/li>\n<\/ul>\n\n\n\n<p>Opf\u00f8lgningskurser indenfor begge kategorier, hvert 4. \u00e5r.<\/p>\n\n\n\n<p>Hans Thostrup er yderst erfaren, da han siden 2013, da kravene startede har haft omkring 20.000 kursister.<\/p>\n\n\n\n<p>Underviser ved mange lokale r\u00e5dgivningscentre.<\/p>\n\n\n\n<p>Arrangerer selv grundkurserne og holder en del opf\u00f8lgningskurser i Thostrup Agro regi. Alle kurser er igennem AMU systemet og kan findes under voksenuddannelse.dk, hvor egne kurser altid er indikeret med kviknummer TA.<\/p>\n\n\n\n<p>Afholder specialkurser som f.eks. for juletr\u00e6savlere, kartoffelavlere og Danfoil spr\u00f8jter, har ogs\u00e5 afholdt en del firmakurser, hvor enkelte firmaer har nok ansatte til et kursus.<\/p>\n\n\n\n<p>Afholder is\u00e6r for juletr\u00e6savlere sammen med Kenneth Klausen, Danske juletr\u00e6er kurser p\u00e5 engelsk. I juletr\u00e6sbranchen kommer der hvert \u00e5r mange udl\u00e6ndinge til at udf\u00f8re det h\u00e5rde arbejde h\u00e5ndtering af juletr\u00e6er. For lovligt at kunne topstryge juletr\u00e6er med pesticid er et h\u00e5nd- og rygspr\u00f8jte kursus et krav.<\/p>\n\n\n\n<p>Visse udl\u00e6ndige er ansat i udlandet, men arbejder i DK, her har vi f\u00e5et en tilladelse fra Milj\u00f8styrelsen om at uddanne dem og de f\u00e5r et skriftlig bevis.<\/p>\n\n\n\n<p><strong>Ring eller skriv for kursusmuligheder, 25185712 eller <\/strong><a href=\"mailto:hansthostrup54@gmail.com\"><strong>hansthostrup54@gmail.com<\/strong><\/a><\/p>\n\n\n\n<p><strong>Udliciteringskontrakter:<\/strong><\/p>\n\n\n\n<p><a href=\"https:\/\/drive.google.com\/file\/d\/1nFlcCh-TAgl8F_0u4hadggNxapu5qZeh\/view?usp=drive_link\">Se AMU-udliciteringskontrakt 2024<\/a><\/p>\n\n\n\n<p><a href=\"https:\/\/drive.google.com\/file\/d\/1FruaaQaH5eyvHc5XmOD2oHp97LWPZPQ_\/view?usp=sharing\">Se AMU-udliciteringskontrakt 2023<\/a><\/p>\n\n\n\n<p><a href=\"https:\/\/drive.google.com\/file\/d\/1FruaaQaH5eyvHc5XmOD2oHp97LWPZPQ_\/view?usp=sharing\">Se AMU-udliciteringskontrakt 2022<\/a><\/p>\n\n\n\n<p><a href=\"https:\/\/drive.google.com\/file\/d\/1odCHEfCXMJu249_oli7cvqJj3Ijj9mrB\/view?usp=sharing\">Se AMU-udliciteringskontrakt 2021<\/a><\/p>\n\n\n\n<p><\/p>\n\n\n\n<p>Thostrup Agro er ogs\u00e5 behj\u00e6lpelig med at s\u00f8ge kursus, s\u00e5 kursisten f\u00e5r valgt rigtig i voksenuddannelse.dk. S\u00f8ges kurset for fagl\u00e6rte og ufagl\u00e6rte igennem firma, kan man f\u00e5 udbetalt VEU godtg\u00f8relse.<\/p>\n\n\n\n<p>Ligeledes kan Thostrup Agro assistere med at k\u00f8be en autorisation igennem Milj\u00f8styrelsens MAB database, hvor alle lovlige spr\u00f8jtef\u00f8rere skal st\u00e5.<\/p>\n","protected":false},"excerpt":{"rendered":"<p>Spr\u00f8jtekursusPrivate uden uddannelse m\u00e5 hverken k\u00f8be eller udbringe koncentreret pesticider if\u00f8lge krav fra EU.Danmark har valgt, at alle professionelle skal have f\u00f8rst et grundkursus, certifikat, og dern\u00e6st hvert 4. \u00e5r et opf\u00f8lgningskursus for at bibeholde autorisationen.Thostrup Agro afholder selv kurser igennem Dalum Landbrugsskole, der st\u00e5r for AMU udlicitering. Grundkurser: Opf\u00f8lgningskurser indenfor begge kategorier, hvert 4. [&hellip;]<\/p>\n","protected":false},"author":1,"featured_media":0,"parent":0,"menu_order":0,"comment_status":"closed","ping_status":"closed","template":"","meta":{"footnotes":""},"class_list":["post-47","page","type-page","status-publish","hentry"],"_links":{"self":[{"href":"https:\/\/thostrup-agro.dk\/index.php\/wp-json\/wp\/v2\/pages\/47","targetHints":{"allow":["GET"]}}],"collection":[{"href":"https:\/\/thostrup-agro.dk\/index.php\/wp-json\/wp\/v2\/pages"}],"about":[{"href":"https:\/\/thostrup-agro.dk\/index.php\/wp-json\/wp\/v2\/types\/page"}],"author":[{"embeddable":true,"href":"https:\/\/thostrup-agro.dk\/index.php\/wp-json\/wp\/v2\/users\/1"}],"replies":[{"embeddable":true,"href":"https:\/\/thostrup-agro.dk\/index.php\/wp-json\/wp\/v2\/comments?post=47"}],"version-history":[{"count":10,"href":"https:\/\/thostrup-agro.dk\/index.php\/wp-json\/wp\/v2\/pages\/47\/revisions"}],"predecessor-version":[{"id":110,"href":"https:\/\/thostrup-agro.dk\/index.php\/wp-json\/wp\/v2\/pages\/47\/revisions\/110"}],"wp:attachment":[{"href":"https:\/\/thostrup-agro.dk\/index.php\/wp-json\/wp\/v2\/media?parent=47"}],"curies":[{"name":"wp","href":"https:\/\/api.w.org\/{rel}","templated":true}]}}